{"id":45,"date":"2021-07-01T02:57:59","date_gmt":"2021-07-01T02:57:59","guid":{"rendered":"https:\/\/www.dmarcoaereo.com\/es\/?page_id=45"},"modified":"2021-07-10T11:20:05","modified_gmt":"2021-07-10T16:20:05","slug":"quienes-somos","status":"publish","type":"page","link":"https:\/\/www.dmarcoaereo.com\/es\/quienes-somos\/","title":{"rendered":"Quienes Somos"},"content":{"rendered":"\n<div class=\"wp-block-columns\">\n<div class=\"wp-block-column\">\n<h2 class=\"has-black-color has-text-color\">Mision<\/h2>\n\n\n\n<p style=\"text-align: justify;\">D&#8217;MARCO A\u00c9REO S.A.S. es una empresa dedicada al dise\u00f1o, fabricaci\u00f3n, modificaci\u00f3n y reparaci\u00f3n de estructuras met\u00e1licas, paneles de instrumentos, sistemas de visi\u00f3n nocturna, proyectos especiales de defensa, que busca satisfacer las altas exigencias de los clientes brindando productos y servicios de alta calidad mediante procesos tecnol\u00f3gicos, innovadores y de mejora continua, cumpliendo con normas y m\u00e9todos aceptables vigentes.<\/p>\n<\/div>\n\n\n\n<div class=\"wp-block-column\"><\/div>\n<\/div>\n\n\n\n<div class=\"wp-block-columns\">\n<div class=\"wp-block-column\"><\/div>\n\n\n\n<div class=\"wp-block-column\">\n<h2 class=\"has-black-color has-text-color\">Vision<\/h2>\n\n\n\n<p style=\"text-align: justify;\">D\u2019MARCO A\u00c9REO S.A.S. se proyecta como una empresa de alto impacto en el sector aeron\u00e1utico de estructuras y paneles de instrumentos, con la capacidad de brindar sus servicios en todo tipo de aeronaves en territorio nacional y extranjero, incentivando el desarrollo de la industria nacional.<\/p>\n<\/div>\n<\/div>\n\n\n\n<div class=\"wp-block-columns\">\n<div class=\"wp-block-column\">\n<h2>Politica de Calidad<\/h2>\n\n\n\n<p style=\"text-align: justify;\"><em>&#8220;Garantizar altos niveles de calidad, seguridad y confianza en los productos y servicios ofrecidos; innovando constantemente en la industria con el fin de lograr la mejora continua de la organizaci\u00f3n y poder as\u00ed satisfacer las necesidades de nuestros clientes y dem\u00e1s partes interesadas&#8221;<\/em><\/p>\n<\/div>\n\n\n\n<div class=\"wp-block-column\"><\/div>\n<\/div>\n\n\n\n<div class=\"wp-block-columns\">\n<div class=\"wp-block-column\"><\/div>\n\n\n\n<div class=\"wp-block-column\">\n<h2>Nuestro Equipo<\/h2>\n\n\n\n<p style=\"text-align: justify;\">Contamos con personal de gran experiencia en el sector aeron\u00e1utico, que trabaja comprometido con el cumplimiento y calidad \u00f3ptima en todos sus procesos. Nuestra compa\u00f1\u00eda destaca y promueve el potencial y crecimiento profesional de cada uno de sus trabajadores.<\/p>\n\n\n\n<ul><li>Asesoria y acompa\u00f1amiento en los procesos<\/li><li>Talento Humano Capacitado e id\u00f3neo<\/li><li>Mejoramiento Continuo<\/li><li>Personal Certificado<\/li><\/ul>\n<\/div>\n<\/div>\n\n\n\n<p><br><\/p>\n","protected":false},"excerpt":{"rendered":"<p>Mision D&#8217;MARCO A\u00c9REO S.A.S. es una empresa dedicada al dise\u00f1o, fabricaci\u00f3n, modificaci\u00f3n y reparaci\u00f3n de estructuras met\u00e1licas, paneles de instrumentos, sistemas de visi\u00f3n nocturna, proyectos especiales de defensa, que busca satisfacer las altas exigencias de los clientes brindando productos y servicios de alta calidad mediante procesos tecnol\u00f3gicos, innovadores y de mejora continua, cumpliendo con normas y m\u00e9todos aceptables vigentes. Vision D\u2019MARCO A\u00c9REO S.A.S. se proyecta como una empresa de alto impacto en el sector aeron\u00e1utico de estructuras y paneles de instrumentos, con la capacidad de brindar sus servicios en todo tipo de aeronaves en territorio nacional y extranjero, incentivando el&#8230; <\/p>\n","protected":false},"author":1,"featured_media":0,"parent":0,"menu_order":0,"comment_status":"closed","ping_status":"closed","template":"page-templates\/template-full-width.php","meta":[],"_links":{"self":[{"href":"https:\/\/www.dmarcoaereo.com\/es\/wp-json\/wp\/v2\/pages\/45"}],"collection":[{"href":"https:\/\/www.dmarcoaereo.com\/es\/wp-json\/wp\/v2\/pages"}],"about":[{"href":"https:\/\/www.dmarcoaereo.com\/es\/wp-json\/wp\/v2\/types\/page"}],"author":[{"embeddable":true,"href":"https:\/\/www.dmarcoaereo.com\/es\/wp-json\/wp\/v2\/users\/1"}],"replies":[{"embeddable":true,"href":"https:\/\/www.dmarcoaereo.com\/es\/wp-json\/wp\/v2\/comments?post=45"}],"version-history":[{"count":17,"href":"https:\/\/www.dmarcoaereo.com\/es\/wp-json\/wp\/v2\/pages\/45\/revisions"}],"predecessor-version":[{"id":260,"href":"https:\/\/www.dmarcoaereo.com\/es\/wp-json\/wp\/v2\/pages\/45\/revisions\/260"}],"wp:attachment":[{"href":"https:\/\/www.dmarcoaereo.com\/es\/wp-json\/wp\/v2\/media?parent=45"}],"curies":[{"name":"wp","href":"https:\/\/api.w.org\/{rel}","templated":true}]}}